{"id":557,"date":"2022-12-04T18:45:19","date_gmt":"2022-12-04T18:45:19","guid":{"rendered":"https:\/\/basp.parisnanterre.fr\/index.php\/hugo-wp\/"},"modified":"2025-07-23T18:54:00","modified_gmt":"2025-07-23T18:54:00","slug":"hugo-wp","status":"publish","type":"page","link":"https:\/\/basp.parisnanterre.fr\/","title":{"rendered":"Front Page"},"content":{"rendered":"<div data-colibri-id=\"557-c1\" class=\"style-225 style-local-557-c1 position-relative\">\r\n  <!---->\r\n  <div data-colibri-component=\"section\" data-colibri-id=\"557-c2\" id=\"blog\" class=\"h-section h-section-global-spacing d-flex align-items-lg-center align-items-md-center align-items-center style-237 style-local-557-c2 position-relative\">\r\n    <!---->\r\n    <!---->\r\n    <div class=\"h-section-grid-container h-section-boxed-container\">\r\n      <div data-colibri-id=\"557-c15\" class=\"h-row-container gutters-row-lg-2 gutters-row-md-2 gutters-row-2 gutters-row-v-lg-2 gutters-row-v-md-2 gutters-row-v-2 style-251 style-local-557-c15 position-relative\">\r\n        <!---->\r\n        <div class=\"h-row justify-content-lg-center justify-content-md-center justify-content-center align-items-lg-stretch align-items-md-stretch align-items-stretch gutters-col-lg-2 gutters-col-md-2 gutters-col-2 gutters-col-v-lg-2 gutters-col-v-md-2 gutters-col-v-2\">\r\n          <!---->\r\n          <div class=\"h-column h-column-container d-flex h-col-lg-auto h-col-md-auto h-col-auto style-252-outer style-local-557-c16-outer\">\r\n            <div data-colibri-id=\"557-c16\" class=\"d-flex h-flex-basis h-column__inner h-px-lg-2 h-px-md-2 h-px-2 v-inner-lg-2 v-inner-md-2 v-inner-2 style-252 style-local-557-c16 position-relative\">\r\n              <!---->\r\n              <!---->\r\n              <div class=\"w-100 h-y-container h-column__content h-column__v-align flex-basis-100 align-self-lg-start align-self-md-start align-self-start\">\r\n                <!---->\r\n                <div data-colibri-id=\"557-c17\" class=\"h-global-transition-all h-heading style-253 style-local-557-c17 position-relative h-element\">\r\n                  <!---->\r\n                  <div class=\"h-heading__outer style-253 style-local-557-c17\">\r\n                    <!---->\r\n                    <!---->\r\n                    <h2 class=\"\">Bienvenue sur le portail de recherche \u00e0 distance de l&rsquo;UPN!<\/h2>\r\n                  <\/div>\r\n                <\/div>\r\n                <div data-colibri-id=\"557-c18\" class=\"h-lead h-text h-text-component style-254 style-local-557-c18 position-relative h-element\">\r\n                  <!---->\r\n                  <!---->\r\n                  <div class=\"\">\r\n                    <p>Retrouvez toutes les derni\u00e8res actualit\u00e9s et mises \u00e0 jour de notre site !<\/p>\r\n                  <\/div>\r\n                <\/div>\r\n              <\/div>\r\n            <\/div>\r\n          <\/div>\r\n        <\/div>\r\n      <\/div>\r\n      <div data-colibri-id=\"557-c3\" class=\"h-row-container gutters-row-lg-0 gutters-row-md-0 gutters-row-0 gutters-row-v-lg-0 gutters-row-v-md-0 gutters-row-v-0 style-238 style-local-557-c3 position-relative\">\r\n        <!---->\r\n        <div class=\"h-row justify-content-lg-center justify-content-md-center justify-content-center align-items-lg-stretch align-items-md-stretch align-items-stretch gutters-col-lg-0 gutters-col-md-0 gutters-col-0 gutters-col-v-lg-0 gutters-col-v-md-0 gutters-col-v-0\">\r\n          <!---->\r\n          <div class=\"h-column h-column-container d-flex h-col-lg-auto h-col-md-auto h-col-auto style-239-outer style-local-557-c4-outer\">\r\n            <div data-colibri-id=\"557-c4\" class=\"d-flex h-flex-basis h-column__inner h-px-lg-0 h-px-md-0 h-px-0 v-inner-lg-0 v-inner-md-0 v-inner-0 style-239 style-local-557-c4 position-relative\">\r\n              <!---->\r\n              <!---->\r\n              <div class=\"w-100 h-y-container h-column__content h-column__v-align flex-basis-100 align-self-lg-start align-self-md-start align-self-start\">\r\n                <!---->\r\n                <div data-colibri-id=\"557-c5\" class=\"h-row-container gutters-row-lg-2 gutters-row-md-2 gutters-row-2 gutters-row-v-lg-2 gutters-row-v-md-2 gutters-row-v-2 colibri-dynamic-list style-240 style-local-557-c5 position-relative\">\r\n                  <!---->\r\n                  <div data-colibri-component=\"\" class=\"h-row justify-content-lg-start justify-content-md-start justify-content-start align-items-lg-stretch align-items-md-stretch align-items-stretch gutters-col-lg-2 gutters-col-md-2 gutters-col-2 gutters-col-v-lg-2 gutters-col-v-md-2 gutters-col-v-2 style-240-row style-local-557-c5-row\">\r\n                    <!---->\n        <div class=\"h-column h-column-container d-flex h-col-lg-6 h-col-md-6 h-col-12 post-731 post type-post status-publish format-standard hentry category-actus-pordis masonry-item style-241-outer style-local-557-c6-outer\"><div data-colibri-id=\"557-c6\" class=\"d-flex h-flex-basis h-column__inner h-px-lg-2 h-px-md-2 h-px-2 v-inner-lg-2 v-inner-md-2 v-inner-2 style-241 style-local-557-c6 h-overflow-hidden position-relative\"> <div class=\"w-100 h-y-container h-column__content h-column__v-align flex-basis-100 align-self-lg-start align-self-md-start align-self-start\"> <div data-colibri-id=\"557-c7\" class=\"h-row-container gutters-row-lg-0 gutters-row-md-0 gutters-row-2 gutters-row-v-lg-0 gutters-row-v-md-0 gutters-row-v-0 style-243 style-local-557-c7 position-relative\"><div class=\"h-row justify-content-lg-center justify-content-md-center justify-content-center align-items-lg-stretch align-items-md-stretch align-items-stretch gutters-col-lg-0 gutters-col-md-0 gutters-col-2 gutters-col-v-lg-0 gutters-col-v-md-0 gutters-col-v-0\"> <div class=\"h-column h-column-container d-flex h-col-lg h-col-md h-col-auto style-244-outer style-local-557-c8-outer\"><div data-colibri-id=\"557-c8\" class=\"d-flex h-flex-basis h-column__inner h-px-lg-3 h-px-md-3 h-px-3 v-inner-lg-3 v-inner-md-3 v-inner-3 style-244 style-local-557-c8 position-relative\"> <div class=\"w-100 h-y-container h-column__content h-column__v-align flex-basis-100 align-self-lg-center align-self-md-center align-self-center\"> <div data-colibri-id=\"557-c9\" class=\"h-blog-categories style-245 style-local-557-c9 position-relative h-element\"><div class=\"h-global-transition-all\"><a class=\"d-inline-block colibri-post-category\" href=\"https:\/\/basp.parisnanterre.fr\/index.php\/category\/actus-pordis\/\">Actus {PorDis}<\/a><\/div><\/div><div data-colibri-id=\"557-c10\" class=\"h-blog-meta style-247 style-local-557-c10 position-relative h-element\"><div class=\"metadata-item\"><span class=\"metadata-prefix\">by<\/span> <a href=\"https:\/\/basp.parisnanterre.fr\/index.php\/author\/fcerrotti\/\">admin<\/a> <span class=\"meta-separator\"><\/span><\/div><div class=\"metadata-item\"><span class=\"metadata-prefix\">on<\/span> <a href=\"https:\/\/basp.parisnanterre.fr\/index.php\/2022\/12\/04\/\">D\u00e9c 4<\/a><\/div><\/div><div data-colibri-id=\"557-c11\" class=\"h-blog-title style-246 style-local-557-c11 position-relative h-element\"><div class=\"h-global-transition-all\"><a href=\"https:\/\/basp.parisnanterre.fr\/index.php\/2022\/12\/04\/limesurvey-est-operationnel\/\"><h4 class=\"colibri-word-wrap\">LimeSurvey est op\u00e9rationnel !<\/h4><\/a><\/div><\/div><div data-colibri-id=\"557-c12\" class=\"style-248 style-local-557-c12 position-relative h-element\"><div class=\"h-global-transition-all\"><div class=\"colibri-post-excerpt\">Vous pouvez acc\u00e9der \u00e0 LimeSurvey depuis les services de l&rsquo;Universit\u00e9 Paris Nanterre [&hellip;]<\/div><\/div><\/div><div data-colibri-id=\"557-c13\" class=\"h-x-container style-249 style-local-557-c13 position-relative h-element\"><div class=\"h-x-container-inner style-dynamic-557-c13-group\"><span class=\"h-button__outer style-250-outer style-local-557-c14-outer d-inline-flex h-element\"><a href=\"https:\/\/basp.parisnanterre.fr\/index.php\/2022\/12\/04\/limesurvey-est-operationnel\/\" data-colibri-id=\"557-c14\" class=\"d-flex w-100 align-items-center h-button justify-content-lg-center justify-content-md-center justify-content-center style-250 style-local-557-c14 position-relative\"> <span>Read more<\/span> <span class=\"h-svg-icon h-button__icon style-250-icon style-local-557-c14-icon\"><svg version=\"1.1\" xmlns=\"http:\/\/www.w3.org\/2000\/svg\" xmlns:xlink=\"http:\/\/www.w3.org\/1999\/xlink\" id=\"arrow-right\" viewBox=\"0 0 512 545.5\"><path d=\"M299.5 140.5l136 136 11 11.5-11 11.5-136 136-23-23L385 304H64v-32h321L276.5 163.5z\"><\/path><\/svg><\/span><\/a><\/span><\/div><\/div><\/div><\/div><\/div><\/div><\/div><\/div><\/div><\/div>\n      \n      \n        <div class=\"h-column h-column-container d-flex h-col-lg-6 h-col-md-6 h-col-12 post-1 post type-post status-publish format-standard hentry category-actus-pordis masonry-item style-241-outer style-local-557-c6-outer\"><div data-colibri-id=\"557-c6\" class=\"d-flex h-flex-basis h-column__inner h-px-lg-2 h-px-md-2 h-px-2 v-inner-lg-2 v-inner-md-2 v-inner-2 style-241 style-local-557-c6 h-overflow-hidden position-relative\"> <div class=\"w-100 h-y-container h-column__content h-column__v-align flex-basis-100 align-self-lg-start align-self-md-start align-self-start\"> <div data-colibri-id=\"557-c7\" class=\"h-row-container gutters-row-lg-0 gutters-row-md-0 gutters-row-2 gutters-row-v-lg-0 gutters-row-v-md-0 gutters-row-v-0 style-243 style-local-557-c7 position-relative\"><div class=\"h-row justify-content-lg-center justify-content-md-center justify-content-center align-items-lg-stretch align-items-md-stretch align-items-stretch gutters-col-lg-0 gutters-col-md-0 gutters-col-2 gutters-col-v-lg-0 gutters-col-v-md-0 gutters-col-v-0\"> <div class=\"h-column h-column-container d-flex h-col-lg h-col-md h-col-auto style-244-outer style-local-557-c8-outer\"><div data-colibri-id=\"557-c8\" class=\"d-flex h-flex-basis h-column__inner h-px-lg-3 h-px-md-3 h-px-3 v-inner-lg-3 v-inner-md-3 v-inner-3 style-244 style-local-557-c8 position-relative\"> <div class=\"w-100 h-y-container h-column__content h-column__v-align flex-basis-100 align-self-lg-center align-self-md-center align-self-center\"> <div data-colibri-id=\"557-c9\" class=\"h-blog-categories style-245 style-local-557-c9 position-relative h-element\"><div class=\"h-global-transition-all\"><a class=\"d-inline-block colibri-post-category\" href=\"https:\/\/basp.parisnanterre.fr\/index.php\/category\/actus-pordis\/\">Actus {PorDis}<\/a><\/div><\/div><div data-colibri-id=\"557-c10\" class=\"h-blog-meta style-247 style-local-557-c10 position-relative h-element\"><div class=\"metadata-item\"><span class=\"metadata-prefix\">by<\/span> <a href=\"https:\/\/basp.parisnanterre.fr\/index.php\/author\/fcerrotti\/\">admin<\/a> <span class=\"meta-separator\"><\/span><\/div><div class=\"metadata-item\"><span class=\"metadata-prefix\">on<\/span> <a href=\"https:\/\/basp.parisnanterre.fr\/index.php\/2022\/06\/28\/\">Juin 28<\/a><\/div><\/div><div data-colibri-id=\"557-c11\" class=\"h-blog-title style-246 style-local-557-c11 position-relative h-element\"><div class=\"h-global-transition-all\"><a href=\"https:\/\/basp.parisnanterre.fr\/index.php\/2022\/06\/28\/hello-world\/\"><h4 class=\"colibri-word-wrap\">Bienvenue !<\/h4><\/a><\/div><\/div><div data-colibri-id=\"557-c12\" class=\"style-248 style-local-557-c12 position-relative h-element\"><div class=\"h-global-transition-all\"><div class=\"colibri-post-excerpt\">Notre site {PorDis} est enfin accessible ! Nous sommes ravis de pouvoir [&hellip;]<\/div><\/div><\/div><div data-colibri-id=\"557-c13\" class=\"h-x-container style-249 style-local-557-c13 position-relative h-element\"><div class=\"h-x-container-inner style-dynamic-557-c13-group\"><span class=\"h-button__outer style-250-outer style-local-557-c14-outer d-inline-flex h-element\"><a href=\"https:\/\/basp.parisnanterre.fr\/index.php\/2022\/06\/28\/hello-world\/\" data-colibri-id=\"557-c14\" class=\"d-flex w-100 align-items-center h-button justify-content-lg-center justify-content-md-center justify-content-center style-250 style-local-557-c14 position-relative\"> <span>Read more<\/span> <span class=\"h-svg-icon h-button__icon style-250-icon style-local-557-c14-icon\"><svg version=\"1.1\" xmlns=\"http:\/\/www.w3.org\/2000\/svg\" xmlns:xlink=\"http:\/\/www.w3.org\/1999\/xlink\" id=\"arrow-right\" viewBox=\"0 0 512 545.5\"><path d=\"M299.5 140.5l136 136 11 11.5-11 11.5-136 136-23-23L385 304H64v-32h321L276.5 163.5z\"><\/path><\/svg><\/span><\/a><\/span><\/div><\/div><\/div><\/div><\/div><\/div><\/div><\/div><\/div><\/div>\n      \n      \r\n                    <\/div>\r\n                <\/div>\r\n              <\/div>\r\n            <\/div>\r\n          <\/div>\r\n        <\/div>\r\n      <\/div>\r\n    <\/div>\r\n  <\/div>\r\n<\/div>","protected":false},"excerpt":{"rendered":"<p>Bienvenue sur le portail de recherche \u00e0 distance de l&rsquo;UPN! Retrouvez toutes [&hellip;]<\/p>\n","protected":false},"author":1,"featured_media":0,"parent":0,"menu_order":0,"comment_status":"closed","ping_status":"closed","template":"page-templates\/homepage.php","meta":{"_kad_blocks_custom_css":"","_kad_blocks_head_custom_js":"","_kad_blocks_body_custom_js":"","_kad_blocks_footer_custom_js":"","_kadence_starter_templates_imported_post":false,"footnotes":""},"class_list":["post-557","page","type-page","status-publish","hentry"],"taxonomy_info":[],"featured_image_src_large":false,"author_info":{"display_name":"admin","author_link":"https:\/\/basp.parisnanterre.fr\/index.php\/author\/fcerrotti\/"},"comment_info":0,"_links":{"self":[{"href":"https:\/\/basp.parisnanterre.fr\/index.php\/wp-json\/wp\/v2\/pages\/557","targetHints":{"allow":["GET"]}}],"collection":[{"href":"https:\/\/basp.parisnanterre.fr\/index.php\/wp-json\/wp\/v2\/pages"}],"about":[{"href":"https:\/\/basp.parisnanterre.fr\/index.php\/wp-json\/wp\/v2\/types\/page"}],"author":[{"embeddable":true,"href":"https:\/\/basp.parisnanterre.fr\/index.php\/wp-json\/wp\/v2\/users\/1"}],"replies":[{"embeddable":true,"href":"https:\/\/basp.parisnanterre.fr\/index.php\/wp-json\/wp\/v2\/comments?post=557"}],"version-history":[{"count":15,"href":"https:\/\/basp.parisnanterre.fr\/index.php\/wp-json\/wp\/v2\/pages\/557\/revisions"}],"predecessor-version":[{"id":939,"href":"https:\/\/basp.parisnanterre.fr\/index.php\/wp-json\/wp\/v2\/pages\/557\/revisions\/939"}],"wp:attachment":[{"href":"https:\/\/basp.parisnanterre.fr\/index.php\/wp-json\/wp\/v2\/media?parent=557"}],"curies":[{"name":"wp","href":"https:\/\/api.w.org\/{rel}","templated":true}]}}