{"id":457,"date":"2022-09-07T14:17:16","date_gmt":"2022-09-07T14:17:16","guid":{"rendered":"https:\/\/basp.parisnanterre.fr\/?page_id=457"},"modified":"2023-12-07T16:18:48","modified_gmt":"2023-12-07T16:18:48","slug":"howto-creer-un-slider-call","status":"publish","type":"page","link":"https:\/\/basp.parisnanterre.fr\/index.php\/howto-creer-un-slider-call\/","title":{"rendered":"HowTo &#8211; Cr\u00e9er une \u00e9chelle glissante ou \u00ab\u00a0Slider call\u00a0\u00bb"},"content":{"rendered":"\n<p align=\"justify\">La cr\u00e9ation d&rsquo;un \u00ab\u00a0<strong>Slider call<\/strong>\u00a0\u00bb est particuli\u00e8rement pratique dans certains questionnaires voulant par exemple imiter une \u00e9chelle de Lickert. Il permet en effet de cr\u00e9er une \u00e9chelle allant par exemple de 0 \u00e0 100 ainsi que de d\u00e9finir un intervalle (de 1 en 1 par exemple) comme dans l&rsquo;exemple suivant.<\/p>\n\n\n\n<figure class=\"wp-block-video\"><video height=\"1080\" style=\"aspect-ratio: 1920 \/ 1080;\" width=\"1920\" controls src=\"https:\/\/basp.parisnanterre.fr\/wp-content\/uploads\/2022\/09\/LimeSurvey_SliderCallExample.mp4\"><\/video><\/figure>\n\n\n\n<p><\/p>\n\n\n\n<p align=\"justify\">Nous allons ici vous expliquer comment le cr\u00e9er. Une vois avoir cr\u00e9\u00e9 une question, il vous suffit de choisir choisir \u00ab\u00a0<strong>Multiple numerical input<\/strong>\u00a0\u00bb dans \u00ab\u00a0<strong>Changer de type de question<\/strong>\u00ab\u00a0. Ensuite, dans la rubrique \u00ab\u00a0Curseur\u00a0\u00bb des \u00ab\u00a0<strong>Param\u00e8tres<\/strong>\u00a0\u00bb de la question, selectionnez \u00ab\u00a0<strong>Utiliser cursuer<\/strong>\u00a0\u00bb sur \u00ab\u00a0<strong>Oui<\/strong>\u00ab\u00a0.<\/p>\n\n\n\n<p align=\"justify\">Une fois ces \u00e9tapes effectu\u00e9es, vous devez sp\u00e9cifier la \u00ab\u00a0<strong>Valeur minimum du curseur<\/strong>\u00a0\u00bb (dans notre exemple elle est de 0), la \u00ab\u00a0<strong>Valeur maximum du curseur<\/strong>\u00a0\u00bb (dans notre exemple elle est de 100) ainsi que la \u00ab\u00a0<strong>Pr\u00e9cision du curseur<\/strong>\u00a0\u00bb (dans notre exemple elle est de 1). Il peut s&rsquo;av\u00e9rer aussi important dans certains cas de cocher \u00ab\u00a0<strong>Oui<\/strong>\u00a0\u00bb pour l&rsquo;option \u00ab\u00a0<strong>Le curseur est positionn\u00e9 en position centrale<\/strong>\u00ab\u00a0.<\/p>\n\n\n\n<p align=\"justify\">Ci-dessous une petite vid\u00e9o vous pr\u00e9sentant les diff\u00e9rentes \u00e9tapes. <\/p>\n\n\n\n<figure class=\"wp-block-video\"><video height=\"1080\" style=\"aspect-ratio: 1920 \/ 1080;\" width=\"1920\" controls src=\"https:\/\/basp.parisnanterre.fr\/wp-content\/uploads\/2022\/09\/LimeSurvey_SliderCallTuto.mp4\"><\/video><\/figure>\n","protected":false},"excerpt":{"rendered":"<p>La cr\u00e9ation d&rsquo;un \u00ab\u00a0Slider call\u00a0\u00bb est particuli\u00e8rement pratique dans certains questionnaires voulant par exemple imiter une \u00e9chelle de Lickert. Il permet en effet de cr\u00e9er une \u00e9chelle allant par exemple de 0 \u00e0 100 ainsi que de d\u00e9finir un intervalle (de 1 en 1 par exemple) comme dans l&rsquo;exemple suivant. Nous allons ici vous expliquer [&hellip;]<\/p>\n","protected":false},"author":1,"featured_media":0,"parent":0,"menu_order":0,"comment_status":"closed","ping_status":"closed","template":"","meta":{"_kad_blocks_custom_css":"","_kad_blocks_head_custom_js":"","_kad_blocks_body_custom_js":"","_kad_blocks_footer_custom_js":"","_kadence_starter_templates_imported_post":false,"footnotes":""},"class_list":["post-457","page","type-page","status-publish","hentry"],"taxonomy_info":[],"featured_image_src_large":false,"author_info":{"display_name":"admin","author_link":"https:\/\/basp.parisnanterre.fr\/index.php\/author\/fcerrotti\/"},"comment_info":0,"_links":{"self":[{"href":"https:\/\/basp.parisnanterre.fr\/index.php\/wp-json\/wp\/v2\/pages\/457","targetHints":{"allow":["GET"]}}],"collection":[{"href":"https:\/\/basp.parisnanterre.fr\/index.php\/wp-json\/wp\/v2\/pages"}],"about":[{"href":"https:\/\/basp.parisnanterre.fr\/index.php\/wp-json\/wp\/v2\/types\/page"}],"author":[{"embeddable":true,"href":"https:\/\/basp.parisnanterre.fr\/index.php\/wp-json\/wp\/v2\/users\/1"}],"replies":[{"embeddable":true,"href":"https:\/\/basp.parisnanterre.fr\/index.php\/wp-json\/wp\/v2\/comments?post=457"}],"version-history":[{"count":4,"href":"https:\/\/basp.parisnanterre.fr\/index.php\/wp-json\/wp\/v2\/pages\/457\/revisions"}],"predecessor-version":[{"id":860,"href":"https:\/\/basp.parisnanterre.fr\/index.php\/wp-json\/wp\/v2\/pages\/457\/revisions\/860"}],"wp:attachment":[{"href":"https:\/\/basp.parisnanterre.fr\/index.php\/wp-json\/wp\/v2\/media?parent=457"}],"curies":[{"name":"wp","href":"https:\/\/api.w.org\/{rel}","templated":true}]}}