{"id":449,"date":"2022-09-07T12:35:45","date_gmt":"2022-09-07T12:35:45","guid":{"rendered":"https:\/\/basp.parisnanterre.fr\/?page_id=449"},"modified":"2022-09-07T16:15:54","modified_gmt":"2022-09-07T16:15:54","slug":"limesurvey-expert","status":"publish","type":"page","link":"https:\/\/basp.parisnanterre.fr\/index.php\/limesurvey-expert\/","title":{"rendered":"LimeSurvey &#8211; Expert"},"content":{"rendered":"\n<p align=\"justify\">Le niveau \u00ab\u00a0<strong>Expert<\/strong>\u00a0\u00bb comprend des m\u00e9thodes pour la cr\u00e9ation d&rsquo;\u00e9l\u00e9ments du questionnaire en utilisant du code (LimeSurvey, css, html, ou javascript).<\/p>\n\n\n\n<p align=\"justify\">Nous essayons d&rsquo;expliquer au mieux comment utiliser ses codes et ne devrait (si vous l&rsquo;utilisez sans modifications) d&rsquo;avoir des comp\u00e9tences en programmations.<\/p>\n\n\n\n<p align=\"justify\">Pour faciliter leurs utilisations, nous vous fournirons (dans la mesure du possible) des vid\u00e9os, ou les fichiers LimeSurvey en .lss.<\/p>\n\n\n\n<p align=\"justify\">Si toutefois vous ne trouvez pas votre bonheur, n&rsquo;h\u00e9sitez pas \u00e0 nous contacter. Vos demandes sont aussi une fa\u00e7on d&rsquo;enrichir notre site !<\/p>\n\n\n<style>.kb-form input.kadence-blocks-field.verify{opacity:0.0;position:absolute;top:0.0;left:0.0;width:0.0;height:0.0;z-index:-1;}<\/style>\n<div class=\"wp-block-kadence-form kadence-form-_eaff98-e3 kb-form-wrap\"><form class=\"kb-form\" action=\"\" method=\"post\"><div class=\"kadence-blocks-form-field kb-field-desk-width-100 kb-input-size-standard\"><label for=\"kb_field__eaff98-e3_0\">Nom<span class=\"required\">*<\/span><\/label><input name=\"kb_field_0\" id=\"kb_field__eaff98-e3_0\" data-label=\"Nom\" type=\"text\" placeholder=\"\" value=\"\" data-type=\"text\" class=\"kb-field kb-text-style-field kb-text-field kb-field-0\" data-required=\"yes\"\/><span class=\"kb-field-help\">Veillez renseigner votre nom et votre pr\u00e9nom<\/span><\/div><div class=\"kadence-blocks-form-field kb-form-field-1 kb-field-desk-width-100 kb-input-size-standard\"><label for=\"kb_field__eaff98-e3_1\">Email<span class=\"required\">*<\/span><\/label><input name=\"kb_field_1\" id=\"kb_field__eaff98-e3_1\" data-label=\"Email\" type=\"email\" placeholder=\"\" value=\"\" data-type=\"email\" class=\"kb-field kb-text-style-field kb-email-field kb-field-1\" data-required=\"yes\"\/><span class=\"kb-field-help\">Veillez renseigner votre email<\/span><\/div><div class=\"kadence-blocks-form-field kb-form-field-2 kb-field-desk-width-100 kb-input-size-standard\"><label for=\"kb_field__eaff98-e3_2\">Message<span class=\"required\">*<\/span><\/label><textarea name=\"kb_field_2\" id=\"kb_field__eaff98-e3_2\" data-label=\"Message\" type=\"textarea\" placeholder=\"\" data-type=\"textarea\" class=\"kb-field kb-text-style-field kb-textarea-field kb-field-2\" rows=\"4\" data-required=\"yes\"><\/textarea><span class=\"kb-field-help\">Veillez renseigner votre demande<\/span><\/div><input type=\"hidden\" name=\"_kb_form_id\" value=\"_eaff98-e3\"\/><input type=\"hidden\" name=\"_kb_form_post_id\" value=\"449\"\/><input type=\"hidden\" name=\"action\" value=\"kb_process_ajax_submit\"\/><label class=\"kadence-verify-label\">Email<input class=\"kadence-blocks-field verify\" type=\"text\" name=\"_kb_verify_email\" autocomplete=\"new-password\" aria-hidden=\"true\" placeholder=\"Email\" tabindex=\"-1\" data-1p-ignore=\"true\" data-lpignore=\"true\" \/><\/label><div class=\"kadence-blocks-form-field kb-submit-field kb-field-desk-width-100\"><button class=\"kb-forms-submit button kb-button-size-standard kb-button-width-auto\">Envoyer<\/button><\/div><\/form><\/div>\n<noscript><div class=\"kadence-blocks-form-message kadence-blocks-form-warning\">Veuillez activer JavaScript dans votre navigateur pour envoyer le formulaire.<\/div><style>.kadence-form-_eaff98-e3 .kadence-blocks-form-field.kb-submit-field { display: none; }<\/style><\/noscript>","protected":false},"excerpt":{"rendered":"<p>Le niveau \u00ab\u00a0Expert\u00a0\u00bb comprend des m\u00e9thodes pour la cr\u00e9ation d&rsquo;\u00e9l\u00e9ments du questionnaire en utilisant du code (LimeSurvey, css, html, ou javascript). Nous essayons d&rsquo;expliquer au mieux comment utiliser ses codes et ne devrait (si vous l&rsquo;utilisez sans modifications) d&rsquo;avoir des comp\u00e9tences en programmations. Pour faciliter leurs utilisations, nous vous fournirons (dans la mesure du possible) [&hellip;]<\/p>\n","protected":false},"author":1,"featured_media":0,"parent":0,"menu_order":0,"comment_status":"closed","ping_status":"closed","template":"","meta":{"_kad_blocks_custom_css":"","_kad_blocks_head_custom_js":"","_kad_blocks_body_custom_js":"","_kad_blocks_footer_custom_js":"","_kadence_starter_templates_imported_post":false,"footnotes":""},"class_list":["post-449","page","type-page","status-publish","hentry"],"taxonomy_info":[],"featured_image_src_large":false,"author_info":{"display_name":"admin","author_link":"https:\/\/basp.parisnanterre.fr\/index.php\/author\/fcerrotti\/"},"comment_info":0,"_links":{"self":[{"href":"https:\/\/basp.parisnanterre.fr\/index.php\/wp-json\/wp\/v2\/pages\/449","targetHints":{"allow":["GET"]}}],"collection":[{"href":"https:\/\/basp.parisnanterre.fr\/index.php\/wp-json\/wp\/v2\/pages"}],"about":[{"href":"https:\/\/basp.parisnanterre.fr\/index.php\/wp-json\/wp\/v2\/types\/page"}],"author":[{"embeddable":true,"href":"https:\/\/basp.parisnanterre.fr\/index.php\/wp-json\/wp\/v2\/users\/1"}],"replies":[{"embeddable":true,"href":"https:\/\/basp.parisnanterre.fr\/index.php\/wp-json\/wp\/v2\/comments?post=449"}],"version-history":[{"count":5,"href":"https:\/\/basp.parisnanterre.fr\/index.php\/wp-json\/wp\/v2\/pages\/449\/revisions"}],"predecessor-version":[{"id":533,"href":"https:\/\/basp.parisnanterre.fr\/index.php\/wp-json\/wp\/v2\/pages\/449\/revisions\/533"}],"wp:attachment":[{"href":"https:\/\/basp.parisnanterre.fr\/index.php\/wp-json\/wp\/v2\/media?parent=449"}],"curies":[{"name":"wp","href":"https:\/\/api.w.org\/{rel}","templated":true}]}}