{"id":156,"date":"2022-07-01T12:30:31","date_gmt":"2022-07-01T12:30:31","guid":{"rendered":"https:\/\/basp.parisnanterre.fr\/?page_id=156"},"modified":"2025-01-29T16:53:55","modified_gmt":"2025-01-29T16:53:55","slug":"opensesame","status":"publish","type":"page","link":"https:\/\/basp.parisnanterre.fr\/index.php\/opensesame\/","title":{"rendered":"OpenSesame"},"content":{"rendered":"\n<p><strong>OpenSesame\u00a0<\/strong>est un logiciel libre simplifi\u00e9 cr\u00e9\u00e9 sp\u00e9cialement pour les utilisateurs qui souhaitent programmer des exp\u00e9riences li\u00e9es \u00e0 la psychologie ou plus largement aux sciences exp\u00e9rimentales. L&rsquo;application est par exemple adapt\u00e9e pour cr\u00e9er des exp\u00e9riences complexes dans des domaines comme les neurosciences et l&rsquo;\u00e9conomie exp\u00e9rimentale.\u00a0PorDis vous permet d&rsquo;h\u00e9berger des exp\u00e9riences programm\u00e9es avec OpenSesame pour r\u00e9colter les donn\u00e9es en ligne.<\/p>\n\n\n\n<p>Suivez les liens ci-dessous pour apprendre \u00e0 utiliser OpenSesame<\/p>\n\n\n<style>.kb-row-layout-id156_9245a0-af > .kt-row-column-wrap{align-content:start;}:where(.kb-row-layout-id156_9245a0-af > .kt-row-column-wrap) > .wp-block-kadence-column{justify-content:start;}.kb-row-layout-id156_9245a0-af > .kt-row-column-wrap{column-gap:var(--global-kb-gap-md, 2rem);row-gap:var(--global-kb-gap-md, 2rem);padding-top:var(--global-kb-spacing-sm, 1.5rem);padding-bottom:var(--global-kb-spacing-sm, 1.5rem);}.kb-row-layout-id156_9245a0-af > .kt-row-column-wrap > div:not(.added-for-specificity){grid-column:initial;}.kb-row-layout-id156_9245a0-af > .kt-row-column-wrap{grid-template-columns:repeat(3, minmax(0, 1fr));}.kb-row-layout-id156_9245a0-af > .kt-row-layout-overlay{opacity:0.30;}@media all and (max-width: 1024px){.kb-row-layout-id156_9245a0-af > .kt-row-column-wrap > div:not(.added-for-specificity){grid-column:initial;}}@media all and (max-width: 1024px){.kb-row-layout-id156_9245a0-af > .kt-row-column-wrap{grid-template-columns:repeat(3, minmax(0, 1fr));}}@media all and (max-width: 767px){.kb-row-layout-id156_9245a0-af > .kt-row-column-wrap > div:not(.added-for-specificity){grid-column:initial;}.kb-row-layout-id156_9245a0-af > .kt-row-column-wrap{grid-template-columns:minmax(0, 1fr);}}<\/style><div class=\"kb-row-layout-wrap kb-row-layout-id156_9245a0-af alignnone wp-block-kadence-rowlayout\"><div class=\"kt-row-column-wrap kt-has-3-columns kt-row-layout-equal kt-tab-layout-inherit kt-mobile-layout-row kt-row-valign-top\">\n<style>.kadence-column156_c746ec-ff > .kt-inside-inner-col,.kadence-column156_c746ec-ff > .kt-inside-inner-col:before{border-top-left-radius:0px;border-top-right-radius:0px;border-bottom-right-radius:0px;border-bottom-left-radius:0px;}.kadence-column156_c746ec-ff > .kt-inside-inner-col{column-gap:var(--global-kb-gap-sm, 1rem);}.kadence-column156_c746ec-ff > .kt-inside-inner-col{flex-direction:column;}.kadence-column156_c746ec-ff > .kt-inside-inner-col > .aligncenter{width:100%;}.kadence-column156_c746ec-ff > .kt-inside-inner-col:before{opacity:0.3;}.kadence-column156_c746ec-ff{position:relative;}@media all and (max-width: 1024px){.kadence-column156_c746ec-ff > .kt-inside-inner-col{flex-direction:column;justify-content:center;}}@media all and (max-width: 767px){.kadence-column156_c746ec-ff > .kt-inside-inner-col{flex-direction:column;justify-content:center;}}<\/style>\n<div class=\"wp-block-kadence-column kadence-column156_c746ec-ff inner-column-1\"><div class=\"kt-inside-inner-col\"><style>.wp-block-kadence-column.kb-section-dir-horizontal > .kt-inside-inner-col > .kt-info-box156_2102c7-0d .kt-blocks-info-box-link-wrap{max-width:unset;}.kt-info-box156_2102c7-0d .kt-blocks-info-box-link-wrap{border-top:5px solid #52769a;border-right:5px solid #52769a;border-bottom:5px solid #52769a;border-left:5px solid #52769a;border-top-left-radius:20px;border-top-right-radius:20px;border-bottom-right-radius:20px;border-bottom-left-radius:20px;background:#ffffff;padding-top:24px;padding-right:24px;padding-bottom:24px;padding-left:24px;margin-top:50px;}.kt-info-box156_2102c7-0d .kt-blocks-info-box-link-wrap:hover{background:#ffffff;}.kt-info-box156_2102c7-0d .kadence-info-box-icon-container .kt-info-svg-icon, .kt-info-box156_2102c7-0d .kt-info-svg-icon-flip, .kt-info-box156_2102c7-0d .kt-blocks-info-box-number{font-size:50px;}.kt-info-box156_2102c7-0d .kt-blocks-info-box-media{color:#444444;background:#ffffff;border-color:#52769a;border-radius:200px;overflow:hidden;border-top-width:5px;border-right-width:5px;border-bottom-width:5px;border-left-width:5px;padding-top:20px;padding-right:20px;padding-bottom:20px;padding-left:20px;}.kt-info-box156_2102c7-0d .kt-blocks-info-box-media-container{margin-top:-75px;margin-right:0px;margin-bottom:20px;margin-left:0px;}.kt-info-box156_2102c7-0d .kt-blocks-info-box-media .kadence-info-box-image-intrisic img{border-radius:200px;}.kt-info-box156_2102c7-0d .kt-blocks-info-box-link-wrap:hover .kt-blocks-info-box-media{color:#444444;background:#ffffff;border-color:#eeeeee;}.kt-info-box156_2102c7-0d .kt-infobox-textcontent h2.kt-blocks-info-box-title{padding-top:0px;padding-right:0px;padding-bottom:0px;padding-left:0px;margin-top:5px;margin-right:0px;margin-bottom:10px;margin-left:0px;}.kt-info-box156_2102c7-0d .kt-infobox-textcontent .kt-blocks-info-box-text{color:#555555;}.kt-info-box156_2102c7-0d .kt-blocks-info-box-learnmore{background:transparent;border-color:#555555;border-width:0px 0px 0px 0px;padding-top:4px;padding-right:8px;padding-bottom:4px;padding-left:8px;margin-top:10px;margin-right:0px;margin-bottom:10px;margin-left:0px;}.kt-info-box156_2102c7-0d .kt-blocks-info-box-link-wrap:hover .kt-blocks-info-box-learnmore,.kt-info-box156_2102c7-0d .kt-blocks-info-box-link-wrap .kt-blocks-info-box-learnmore:focus{color:#ffffff;background:#444444;border-color:#444444;}@media all and (max-width: 1024px){.kt-info-box156_2102c7-0d .kt-blocks-info-box-link-wrap{border-top:5px solid #52769a;border-right:5px solid #52769a;border-bottom:5px solid #52769a;border-left:5px solid #52769a;}}@media all and (max-width: 767px){.kt-info-box156_2102c7-0d .kt-blocks-info-box-link-wrap{border-top:5px solid #52769a;border-right:5px solid #52769a;border-bottom:5px solid #52769a;border-left:5px solid #52769a;}}<\/style>\n<div class=\"wp-block-kadence-infobox kt-info-box156_2102c7-0d\"><a class=\"kt-blocks-info-box-link-wrap info-box-link kt-blocks-info-box-media-align-top kt-info-halign-center\" href=\"https:\/\/basp.parisnanterre.fr\/index.php\/opensesame-manuel\/\"><div class=\"kt-blocks-info-box-media-container\"><div class=\"kt-blocks-info-box-media kt-info-media-animate-none\"><div class=\"kadence-info-box-icon-container kt-info-icon-animate-none\"><div class=\"kadence-info-box-icon-inner-container\"><span class=\"kb-svg-icon-wrap kb-svg-icon-fe_bookOpen kt-info-svg-icon\"><svg viewBox=\"0 0 24 24\"  fill=\"none\" stroke=\"currentColor\" stroke-width=\"2\" stroke-linecap=\"round\" stroke-linejoin=\"round\" xmlns=\"http:\/\/www.w3.org\/2000\/svg\"  aria-hidden=\"true\"><path d=\"M2 3h6a4 4 0 0 1 4 4v14a3 3 0 0 0-3-3H2z\"\/><path d=\"M22 3h-6a4 4 0 0 0-4 4v14a3 3 0 0 1 3-3h7z\"\/><\/svg><\/span><\/div><\/div><\/div><\/div><div class=\"kt-infobox-textcontent\"><h2 class=\"kt-blocks-info-box-title\">Manuel<\/h2><p class=\"kt-blocks-info-box-text\">Non disponible. <br\/>Se rendre sur le site du logiciel.<\/p><\/div><\/a><\/div>\n<\/div><\/div>\n\n\n<style>.kadence-column156_331075-8c > .kt-inside-inner-col,.kadence-column156_331075-8c > .kt-inside-inner-col:before{border-top-left-radius:0px;border-top-right-radius:0px;border-bottom-right-radius:0px;border-bottom-left-radius:0px;}.kadence-column156_331075-8c > .kt-inside-inner-col{column-gap:var(--global-kb-gap-sm, 1rem);}.kadence-column156_331075-8c > .kt-inside-inner-col{flex-direction:column;}.kadence-column156_331075-8c > .kt-inside-inner-col > .aligncenter{width:100%;}.kadence-column156_331075-8c > .kt-inside-inner-col:before{opacity:0.3;}.kadence-column156_331075-8c{position:relative;}@media all and (max-width: 1024px){.kadence-column156_331075-8c > .kt-inside-inner-col{flex-direction:column;justify-content:center;}}@media all and (max-width: 767px){.kadence-column156_331075-8c > .kt-inside-inner-col{flex-direction:column;justify-content:center;}}<\/style>\n<div class=\"wp-block-kadence-column kadence-column156_331075-8c inner-column-2\"><div class=\"kt-inside-inner-col\"><style>.wp-block-kadence-column.kb-section-dir-horizontal > .kt-inside-inner-col > .kt-info-box156_ab8f40-38 .kt-blocks-info-box-link-wrap{max-width:unset;}.kt-info-box156_ab8f40-38 .kt-blocks-info-box-link-wrap{border-top:5px solid #d3dde2;border-right:5px solid #d3dde2;border-bottom:5px solid #d3dde2;border-left:5px solid #d3dde2;border-top-left-radius:20px;border-top-right-radius:20px;border-bottom-right-radius:20px;border-bottom-left-radius:20px;background:#ffffff;padding-top:24px;padding-right:24px;padding-bottom:24px;padding-left:24px;margin-top:50px;}.kt-info-box156_ab8f40-38 .kt-blocks-info-box-link-wrap:hover{background:#ffffff;}.kt-info-box156_ab8f40-38 .kadence-info-box-icon-container .kt-info-svg-icon, .kt-info-box156_ab8f40-38 .kt-info-svg-icon-flip, .kt-info-box156_ab8f40-38 .kt-blocks-info-box-number{font-size:50px;}.kt-info-box156_ab8f40-38 .kt-blocks-info-box-media{color:#444444;background:#ffffff;border-color:#d3dde2;border-radius:200px;overflow:hidden;border-top-width:5px;border-right-width:5px;border-bottom-width:5px;border-left-width:5px;padding-top:20px;padding-right:20px;padding-bottom:20px;padding-left:20px;}.kt-info-box156_ab8f40-38 .kt-blocks-info-box-media-container{margin-top:-75px;margin-right:0px;margin-bottom:20px;margin-left:0px;}.kt-info-box156_ab8f40-38 .kt-blocks-info-box-media .kadence-info-box-image-intrisic img{border-radius:200px;}.kt-info-box156_ab8f40-38 .kt-blocks-info-box-link-wrap:hover .kt-blocks-info-box-media{color:#444444;background:#ffffff;border-color:#eeeeee;}.kt-info-box156_ab8f40-38 .kt-infobox-textcontent h2.kt-blocks-info-box-title{padding-top:0px;padding-right:0px;padding-bottom:0px;padding-left:0px;margin-top:5px;margin-right:0px;margin-bottom:10px;margin-left:0px;}.kt-info-box156_ab8f40-38 .kt-infobox-textcontent .kt-blocks-info-box-text{color:#555555;}.kt-info-box156_ab8f40-38 .kt-blocks-info-box-learnmore{background:transparent;border-color:#555555;border-width:0px 0px 0px 0px;padding-top:4px;padding-right:8px;padding-bottom:4px;padding-left:8px;margin-top:10px;margin-right:0px;margin-bottom:10px;margin-left:0px;}.kt-info-box156_ab8f40-38 .kt-blocks-info-box-link-wrap:hover .kt-blocks-info-box-learnmore,.kt-info-box156_ab8f40-38 .kt-blocks-info-box-link-wrap .kt-blocks-info-box-learnmore:focus{color:#ffffff;background:#444444;border-color:#444444;}@media all and (max-width: 1024px){.kt-info-box156_ab8f40-38 .kt-blocks-info-box-link-wrap{border-top:5px solid #d3dde2;border-right:5px solid #d3dde2;border-bottom:5px solid #d3dde2;border-left:5px solid #d3dde2;}}@media all and (max-width: 767px){.kt-info-box156_ab8f40-38 .kt-blocks-info-box-link-wrap{border-top:5px solid #d3dde2;border-right:5px solid #d3dde2;border-bottom:5px solid #d3dde2;border-left:5px solid #d3dde2;}}<\/style>\n<div class=\"wp-block-kadence-infobox kt-info-box156_ab8f40-38\"><a class=\"kt-blocks-info-box-link-wrap info-box-link kt-blocks-info-box-media-align-top kt-info-halign-center\" href=\"https:\/\/basp.parisnanterre.fr\/index.php\/opensesame-osweb-how-to\/\"><div class=\"kt-blocks-info-box-media-container\"><div class=\"kt-blocks-info-box-media kt-info-media-animate-none\"><div class=\"kadence-info-box-icon-container kt-info-icon-animate-none\"><div class=\"kadence-info-box-icon-inner-container\"><span class=\"kb-svg-icon-wrap kb-svg-icon-fas_question kt-info-svg-icon\"><svg viewBox=\"0 0 384 512\"  fill=\"currentColor\" xmlns=\"http:\/\/www.w3.org\/2000\/svg\"  aria-hidden=\"true\"><path d=\"M202.021 0C122.202 0 70.503 32.703 29.914 91.026c-7.363 10.58-5.093 25.086 5.178 32.874l43.138 32.709c10.373 7.865 25.132 6.026 33.253-4.148 25.049-31.381 43.63-49.449 82.757-49.449 30.764 0 68.816 19.799 68.816 49.631 0 22.552-18.617 34.134-48.993 51.164-35.423 19.86-82.299 44.576-82.299 106.405V320c0 13.255 10.745 24 24 24h72.471c13.255 0 24-10.745 24-24v-5.773c0-42.86 125.268-44.645 125.268-160.627C377.504 66.256 286.902 0 202.021 0zM192 373.459c-38.196 0-69.271 31.075-69.271 69.271 0 38.195 31.075 69.27 69.271 69.27s69.271-31.075 69.271-69.271-31.075-69.27-69.271-69.27z\"\/><\/svg><\/span><\/div><\/div><\/div><\/div><div class=\"kt-infobox-textcontent\"><h2 class=\"kt-blocks-info-box-title\">HowTo<\/h2><p class=\"kt-blocks-info-box-text\">Non disponible. <br\/>Se rendre sur le site du logiciel.<\/p><\/div><\/a><\/div>\n<\/div><\/div>\n\n\n<style>.kadence-column156_c74db9-f6 > .kt-inside-inner-col,.kadence-column156_c74db9-f6 > .kt-inside-inner-col:before{border-top-left-radius:0px;border-top-right-radius:0px;border-bottom-right-radius:0px;border-bottom-left-radius:0px;}.kadence-column156_c74db9-f6 > .kt-inside-inner-col{column-gap:var(--global-kb-gap-sm, 1rem);}.kadence-column156_c74db9-f6 > .kt-inside-inner-col{flex-direction:column;}.kadence-column156_c74db9-f6 > .kt-inside-inner-col > .aligncenter{width:100%;}.kadence-column156_c74db9-f6 > .kt-inside-inner-col:before{opacity:0.3;}.kadence-column156_c74db9-f6{position:relative;}@media all and (max-width: 1024px){.kadence-column156_c74db9-f6 > .kt-inside-inner-col{flex-direction:column;justify-content:center;}}@media all and (max-width: 767px){.kadence-column156_c74db9-f6 > .kt-inside-inner-col{flex-direction:column;justify-content:center;}}<\/style>\n<div class=\"wp-block-kadence-column kadence-column156_c74db9-f6 inner-column-3\"><div class=\"kt-inside-inner-col\"><style>.wp-block-kadence-column.kb-section-dir-horizontal > .kt-inside-inner-col > .kt-info-box156_fa0dd8-ac .kt-blocks-info-box-link-wrap{max-width:unset;}.kt-info-box156_fa0dd8-ac .kt-blocks-info-box-link-wrap{border-top:5px solid #a4d4eb;border-right:5px solid #a4d4eb;border-bottom:5px solid #a4d4eb;border-left:5px solid #a4d4eb;border-top-left-radius:20px;border-top-right-radius:20px;border-bottom-right-radius:20px;border-bottom-left-radius:20px;background:#ffffff;padding-top:24px;padding-right:24px;padding-bottom:24px;padding-left:24px;margin-top:50px;}.kt-info-box156_fa0dd8-ac .kt-blocks-info-box-link-wrap:hover{background:#ffffff;}.kt-info-box156_fa0dd8-ac .kadence-info-box-icon-container .kt-info-svg-icon, .kt-info-box156_fa0dd8-ac .kt-info-svg-icon-flip, .kt-info-box156_fa0dd8-ac .kt-blocks-info-box-number{font-size:50px;}.kt-info-box156_fa0dd8-ac .kt-blocks-info-box-media{color:#444444;background:#ffffff;border-color:#a4d4eb;border-radius:200px;overflow:hidden;border-top-width:5px;border-right-width:5px;border-bottom-width:5px;border-left-width:5px;padding-top:20px;padding-right:20px;padding-bottom:20px;padding-left:20px;}.kt-info-box156_fa0dd8-ac .kt-blocks-info-box-media-container{margin-top:-75px;margin-right:0px;margin-bottom:20px;margin-left:0px;}.kt-info-box156_fa0dd8-ac .kt-blocks-info-box-media .kadence-info-box-image-intrisic img{border-radius:200px;}.kt-info-box156_fa0dd8-ac .kt-blocks-info-box-link-wrap:hover .kt-blocks-info-box-media{color:#444444;background:#ffffff;border-color:#eeeeee;}.kt-info-box156_fa0dd8-ac .kt-infobox-textcontent h2.kt-blocks-info-box-title{padding-top:0px;padding-right:0px;padding-bottom:0px;padding-left:0px;margin-top:5px;margin-right:0px;margin-bottom:10px;margin-left:0px;}.kt-info-box156_fa0dd8-ac .kt-infobox-textcontent .kt-blocks-info-box-text{color:#555555;}.kt-info-box156_fa0dd8-ac .kt-blocks-info-box-learnmore{background:transparent;border-color:#555555;border-width:0px 0px 0px 0px;padding-top:4px;padding-right:8px;padding-bottom:4px;padding-left:8px;margin-top:10px;margin-right:0px;margin-bottom:10px;margin-left:0px;}.kt-info-box156_fa0dd8-ac .kt-blocks-info-box-link-wrap:hover .kt-blocks-info-box-learnmore,.kt-info-box156_fa0dd8-ac .kt-blocks-info-box-link-wrap .kt-blocks-info-box-learnmore:focus{color:#ffffff;background:#444444;border-color:#444444;}@media all and (max-width: 1024px){.kt-info-box156_fa0dd8-ac .kt-blocks-info-box-link-wrap{border-top:5px solid #a4d4eb;border-right:5px solid #a4d4eb;border-bottom:5px solid #a4d4eb;border-left:5px solid #a4d4eb;}}@media all and (max-width: 767px){.kt-info-box156_fa0dd8-ac .kt-blocks-info-box-link-wrap{border-top:5px solid #a4d4eb;border-right:5px solid #a4d4eb;border-bottom:5px solid #a4d4eb;border-left:5px solid #a4d4eb;}}<\/style>\n<div class=\"wp-block-kadence-infobox kt-info-box156_fa0dd8-ac\"><a class=\"kt-blocks-info-box-link-wrap info-box-link kt-blocks-info-box-media-align-top kt-info-halign-center\" href=\"https:\/\/basp.parisnanterre.fr\/index.php\/limesurvey-expert\/\"><div class=\"kt-blocks-info-box-media-container\"><div class=\"kt-blocks-info-box-media kt-info-media-animate-none\"><div class=\"kadence-info-box-icon-container kt-info-icon-animate-none\"><div class=\"kadence-info-box-icon-inner-container\"><span class=\"kb-svg-icon-wrap kb-svg-icon-fe_star kt-info-svg-icon\"><svg viewBox=\"0 0 24 24\"  fill=\"none\" stroke=\"currentColor\" stroke-width=\"2\" stroke-linecap=\"round\" stroke-linejoin=\"round\" xmlns=\"http:\/\/www.w3.org\/2000\/svg\"  aria-hidden=\"true\"><polygon points=\"12 2 15.09 8.26 22 9.27 17 14.14 18.18 21.02 12 17.77 5.82 21.02 7 14.14 2 9.27 8.91 8.26 12 2\"\/><\/svg><\/span><\/div><\/div><\/div><\/div><div class=\"kt-infobox-textcontent\"><h2 class=\"kt-blocks-info-box-title\">Expert<\/h2><p class=\"kt-blocks-info-box-text\">Non disponible. <br\/>Se rendre sur le site du logiciel.<\/p><\/div><\/a><\/div>\n<\/div><\/div>\n\n<\/div><\/div>\n\n\n<p><\/p>\n","protected":false},"excerpt":{"rendered":"<p>OpenSesame\u00a0est un logiciel libre simplifi\u00e9 cr\u00e9\u00e9 sp\u00e9cialement pour les utilisateurs qui souhaitent programmer des exp\u00e9riences li\u00e9es \u00e0 la psychologie ou plus largement aux sciences exp\u00e9rimentales. L&rsquo;application est par exemple adapt\u00e9e pour cr\u00e9er des exp\u00e9riences complexes dans des domaines comme les neurosciences et l&rsquo;\u00e9conomie exp\u00e9rimentale.\u00a0PorDis vous permet d&rsquo;h\u00e9berger des exp\u00e9riences programm\u00e9es avec OpenSesame pour r\u00e9colter les [&hellip;]<\/p>\n","protected":false},"author":1,"featured_media":0,"parent":0,"menu_order":0,"comment_status":"closed","ping_status":"closed","template":"","meta":{"_kad_blocks_custom_css":"","_kad_blocks_head_custom_js":"","_kad_blocks_body_custom_js":"","_kad_blocks_footer_custom_js":"","_kadence_starter_templates_imported_post":false,"footnotes":""},"class_list":["post-156","page","type-page","status-publish","hentry"],"taxonomy_info":[],"featured_image_src_large":false,"author_info":{"display_name":"admin","author_link":"https:\/\/basp.parisnanterre.fr\/index.php\/author\/fcerrotti\/"},"comment_info":0,"_links":{"self":[{"href":"https:\/\/basp.parisnanterre.fr\/index.php\/wp-json\/wp\/v2\/pages\/156","targetHints":{"allow":["GET"]}}],"collection":[{"href":"https:\/\/basp.parisnanterre.fr\/index.php\/wp-json\/wp\/v2\/pages"}],"about":[{"href":"https:\/\/basp.parisnanterre.fr\/index.php\/wp-json\/wp\/v2\/types\/page"}],"author":[{"embeddable":true,"href":"https:\/\/basp.parisnanterre.fr\/index.php\/wp-json\/wp\/v2\/users\/1"}],"replies":[{"embeddable":true,"href":"https:\/\/basp.parisnanterre.fr\/index.php\/wp-json\/wp\/v2\/comments?post=156"}],"version-history":[{"count":11,"href":"https:\/\/basp.parisnanterre.fr\/index.php\/wp-json\/wp\/v2\/pages\/156\/revisions"}],"predecessor-version":[{"id":1011,"href":"https:\/\/basp.parisnanterre.fr\/index.php\/wp-json\/wp\/v2\/pages\/156\/revisions\/1011"}],"wp:attachment":[{"href":"https:\/\/basp.parisnanterre.fr\/index.php\/wp-json\/wp\/v2\/media?parent=156"}],"curies":[{"name":"wp","href":"https:\/\/api.w.org\/{rel}","templated":true}]}}