{"id":138,"date":"2022-07-01T10:08:49","date_gmt":"2022-07-01T10:08:49","guid":{"rendered":"https:\/\/basp.parisnanterre.fr\/?page_id=138"},"modified":"2025-06-20T09:58:36","modified_gmt":"2025-06-20T09:58:36","slug":"limesurvey","status":"publish","type":"page","link":"https:\/\/basp.parisnanterre.fr\/index.php\/apprenez-avec-nous\/limesurvey\/","title":{"rendered":"LimeSurvey"},"content":{"rendered":"\n<p>LimeSurvey est un logiciel d&rsquo;enqu\u00eate statistique, de sondage, et de cr\u00e9ation de formulaires en ligne. Il permet aux utilisateurs, enqu\u00eateurs et statisticiens, de publier des questionnaires, sur le Web ou les t\u00e9l\u00e9phones mobiles, pour en collecter les r\u00e9ponses. C&rsquo;est un logiciel libre \u00e9crit en PHP qui repose sur une base de donn\u00e9es (MySQL, PostgreSQL ou Microsoft SQL Server). Cliquez sur les fen\u00eatres ci-dessous pour apprendre \u00e0 l&rsquo;utiliser.<\/p>\n\n\n<style>.wp-block-kadence-column.kb-section-dir-horizontal > .kt-inside-inner-col > .kt-info-box138_776923-3d .kt-blocks-info-box-link-wrap{max-width:unset;}.kt-info-box138_776923-3d .kt-blocks-info-box-link-wrap{border-top:5px solid var(--global-palette7, #eeeeee);border-right:5px solid var(--global-palette7, #eeeeee);border-bottom:5px solid var(--global-palette7, #eeeeee);border-left:5px solid var(--global-palette7, #eeeeee);border-top-left-radius:20px;border-top-right-radius:20px;border-bottom-right-radius:20px;border-bottom-left-radius:20px;background:#ffffff;padding-top:var(--global-kb-spacing-sm, 1.5rem);padding-right:var(--global-kb-spacing-sm, 1.5rem);padding-bottom:var(--global-kb-spacing-sm, 1.5rem);padding-left:var(--global-kb-spacing-sm, 1.5rem);margin-top:50px;}.kt-info-box138_776923-3d .kadence-info-box-icon-container .kt-info-svg-icon, .kt-info-box138_776923-3d .kt-info-svg-icon-flip, .kt-info-box138_776923-3d .kt-blocks-info-box-number{font-size:50px;}.kt-info-box138_776923-3d .kt-blocks-info-box-media{background:#ffffff;border-color:var(--global-palette7, #eeeeee);border-radius:200px;overflow:hidden;border-top-width:5px;border-right-width:5px;border-bottom-width:5px;border-left-width:5px;padding-top:20px;padding-right:20px;padding-bottom:20px;padding-left:20px;}.kt-info-box138_776923-3d .kt-blocks-info-box-media-container{margin-top:-75px;margin-right:0px;margin-bottom:20px;margin-left:0px;}.kt-info-box138_776923-3d .kt-blocks-info-box-media .kadence-info-box-image-intrisic img{border-radius:200px;}.kt-info-box138_776923-3d .kt-infobox-textcontent h3.kt-blocks-info-box-title{padding-top:0px;padding-right:0px;padding-bottom:0px;padding-left:0px;margin-top:5px;margin-right:0px;margin-bottom:5px;margin-left:0px;}.kt-info-box138_776923-3d h3.kt-blocks-info-box-title{min-height:0px;}.wp-block-kadence-infobox.kt-info-box138_776923-3d .kt-blocks-info-box-text{padding-top:6px;padding-right:6px;padding-bottom:6px;padding-left:6px;margin-top:0px;margin-right:0px;margin-bottom:0px;margin-left:0px;}.kt-info-box138_776923-3d .kt-blocks-info-box-text{min-height:0px;}.kt-info-box138_776923-3d .kt-blocks-info-box-learnmore{background:transparent;border-width:0px 0px 0px 0px;padding-top:4px;padding-right:8px;padding-bottom:4px;padding-left:8px;margin-top:10px;margin-right:0px;margin-bottom:10px;margin-left:0px;}@media all and (max-width: 1024px){.kt-info-box138_776923-3d .kt-blocks-info-box-link-wrap{border-top:5px solid var(--global-palette7, #eeeeee);border-right:5px solid var(--global-palette7, #eeeeee);border-bottom:5px solid var(--global-palette7, #eeeeee);border-left:5px solid var(--global-palette7, #eeeeee);}}@media all and (max-width: 767px){.kt-info-box138_776923-3d .kt-blocks-info-box-link-wrap{border-top:5px solid var(--global-palette7, #eeeeee);border-right:5px solid var(--global-palette7, #eeeeee);border-bottom:5px solid var(--global-palette7, #eeeeee);border-left:5px solid var(--global-palette7, #eeeeee);}}<\/style>\n<div class=\"wp-block-kadence-infobox kt-info-box138_776923-3d\"><a class=\"kt-blocks-info-box-link-wrap info-box-link kt-blocks-info-box-media-align-top kt-info-halign-center\" href=\"https:\/\/basp.parisnanterre.fr\/index.php\/compte-limesurvey\/\"><div class=\"kt-blocks-info-box-media-container\"><div class=\"kt-blocks-info-box-media kt-info-media-animate-none\"><div class=\"kadence-info-box-icon-container kt-info-icon-animate-none\"><div class=\"kadence-info-box-icon-inner-container\"><span class=\"kb-svg-icon-wrap kb-svg-icon-fe_airplay kt-info-svg-icon\"><svg viewBox=\"0 0 24 24\"  fill=\"none\" stroke=\"currentColor\" stroke-width=\"2\" stroke-linecap=\"round\" stroke-linejoin=\"round\" xmlns=\"http:\/\/www.w3.org\/2000\/svg\"  aria-hidden=\"true\"><path d=\"M5 17H4a2 2 0 0 1-2-2V5a2 2 0 0 1 2-2h16a2 2 0 0 1 2 2v10a2 2 0 0 1-2 2h-1\"\/><polygon points=\"12 15 17 21 7 21 12 15\"\/><\/svg><\/span><\/div><\/div><\/div><\/div><div class=\"kt-infobox-textcontent\"><h3 class=\"kt-blocks-info-box-title\"><strong>Cr\u00e9er et utiliser un compte LimeSurvey<\/strong><\/h3><p class=\"kt-blocks-info-box-text\">Vous trouverez les instructions pour obtenir un compte affili\u00e9 \u00e0 votre adresse institutionnelle de l&rsquo;Universit\u00e9 Paris Nanterre<\/p><\/div><\/a><\/div>\n\n\n<style>.kb-row-layout-id138_6c2cc5-92 > .kt-row-column-wrap{align-content:start;}:where(.kb-row-layout-id138_6c2cc5-92 > .kt-row-column-wrap) > .wp-block-kadence-column{justify-content:start;}.kb-row-layout-id138_6c2cc5-92 > .kt-row-column-wrap{column-gap:var(--global-kb-gap-md, 2rem);row-gap:var(--global-kb-gap-md, 2rem);padding-top:var(--global-kb-spacing-sm, 1.5rem);padding-bottom:var(--global-kb-spacing-sm, 1.5rem);}.kb-row-layout-id138_6c2cc5-92 > .kt-row-column-wrap > div:not(.added-for-specificity){grid-column:initial;}.kb-row-layout-id138_6c2cc5-92 > .kt-row-column-wrap{grid-template-columns:repeat(3, minmax(0, 1fr));}.kb-row-layout-id138_6c2cc5-92 > .kt-row-layout-overlay{opacity:0.30;}@media all and (max-width: 1024px){.kb-row-layout-id138_6c2cc5-92 > .kt-row-column-wrap > div:not(.added-for-specificity){grid-column:initial;}}@media all and (max-width: 1024px){.kb-row-layout-id138_6c2cc5-92 > .kt-row-column-wrap{grid-template-columns:repeat(3, minmax(0, 1fr));}}@media all and (max-width: 767px){.kb-row-layout-id138_6c2cc5-92 > .kt-row-column-wrap > div:not(.added-for-specificity){grid-column:initial;}.kb-row-layout-id138_6c2cc5-92 > .kt-row-column-wrap{grid-template-columns:minmax(0, 1fr);}}<\/style><div class=\"kb-row-layout-wrap kb-row-layout-id138_6c2cc5-92 alignnone wp-block-kadence-rowlayout\"><div class=\"kt-row-column-wrap kt-has-3-columns kt-row-layout-equal kt-tab-layout-inherit kt-mobile-layout-row kt-row-valign-top\">\n<style>.kadence-column138_5bf906-60 > .kt-inside-inner-col,.kadence-column138_5bf906-60 > .kt-inside-inner-col:before{border-top-left-radius:0px;border-top-right-radius:0px;border-bottom-right-radius:0px;border-bottom-left-radius:0px;}.kadence-column138_5bf906-60 > .kt-inside-inner-col{column-gap:var(--global-kb-gap-sm, 1rem);}.kadence-column138_5bf906-60 > .kt-inside-inner-col{flex-direction:column;}.kadence-column138_5bf906-60 > .kt-inside-inner-col > .aligncenter{width:100%;}.kadence-column138_5bf906-60 > .kt-inside-inner-col:before{opacity:0.3;}.kadence-column138_5bf906-60{position:relative;}@media all and (max-width: 1024px){.kadence-column138_5bf906-60 > .kt-inside-inner-col{flex-direction:column;justify-content:center;}}@media all and (max-width: 767px){.kadence-column138_5bf906-60 > .kt-inside-inner-col{flex-direction:column;justify-content:center;}}<\/style>\n<div class=\"wp-block-kadence-column kadence-column138_5bf906-60 inner-column-1\"><div class=\"kt-inside-inner-col\"><style>.wp-block-kadence-column.kb-section-dir-horizontal > .kt-inside-inner-col > .kt-info-box138_597414-44 .kt-blocks-info-box-link-wrap{max-width:unset;}.kt-info-box138_597414-44 .kt-blocks-info-box-link-wrap{border-top:5px solid #52769a;border-right:5px solid #52769a;border-bottom:5px solid #52769a;border-left:5px solid #52769a;border-top-left-radius:20px;border-top-right-radius:20px;border-bottom-right-radius:20px;border-bottom-left-radius:20px;background:#ffffff;padding-top:24px;padding-right:24px;padding-bottom:24px;padding-left:24px;margin-top:50px;}.kt-info-box138_597414-44 .kt-blocks-info-box-link-wrap:hover{background:#ffffff;}.kt-info-box138_597414-44 .kadence-info-box-icon-container .kt-info-svg-icon, .kt-info-box138_597414-44 .kt-info-svg-icon-flip, .kt-info-box138_597414-44 .kt-blocks-info-box-number{font-size:50px;}.kt-info-box138_597414-44 .kt-blocks-info-box-media{color:#444444;background:#ffffff;border-color:#52769a;border-radius:200px;overflow:hidden;border-top-width:5px;border-right-width:5px;border-bottom-width:5px;border-left-width:5px;padding-top:20px;padding-right:20px;padding-bottom:20px;padding-left:20px;}.kt-info-box138_597414-44 .kt-blocks-info-box-media-container{margin-top:-75px;margin-right:0px;margin-bottom:20px;margin-left:0px;}.kt-info-box138_597414-44 .kt-blocks-info-box-media .kadence-info-box-image-intrisic img{border-radius:200px;}.kt-info-box138_597414-44 .kt-blocks-info-box-link-wrap:hover .kt-blocks-info-box-media{color:#444444;background:#ffffff;border-color:#eeeeee;}.kt-info-box138_597414-44 .kt-infobox-textcontent h2.kt-blocks-info-box-title{padding-top:0px;padding-right:0px;padding-bottom:0px;padding-left:0px;margin-top:5px;margin-right:0px;margin-bottom:10px;margin-left:0px;}.kt-info-box138_597414-44 .kt-infobox-textcontent .kt-blocks-info-box-text{color:#555555;}.kt-info-box138_597414-44 .kt-blocks-info-box-learnmore{background:transparent;border-color:#555555;border-width:0px 0px 0px 0px;padding-top:4px;padding-right:8px;padding-bottom:4px;padding-left:8px;margin-top:10px;margin-right:0px;margin-bottom:10px;margin-left:0px;}.kt-info-box138_597414-44 .kt-blocks-info-box-link-wrap:hover .kt-blocks-info-box-learnmore,.kt-info-box138_597414-44 .kt-blocks-info-box-link-wrap .kt-blocks-info-box-learnmore:focus{color:#ffffff;background:#444444;border-color:#444444;}@media all and (max-width: 1024px){.kt-info-box138_597414-44 .kt-blocks-info-box-link-wrap{border-top:5px solid #52769a;border-right:5px solid #52769a;border-bottom:5px solid #52769a;border-left:5px solid #52769a;}}@media all and (max-width: 767px){.kt-info-box138_597414-44 .kt-blocks-info-box-link-wrap{border-top:5px solid #52769a;border-right:5px solid #52769a;border-bottom:5px solid #52769a;border-left:5px solid #52769a;}}<\/style>\n<div class=\"wp-block-kadence-infobox kt-info-box138_597414-44\"><a class=\"kt-blocks-info-box-link-wrap info-box-link kt-blocks-info-box-media-align-top kt-info-halign-center\" href=\"https:\/\/basp.parisnanterre.fr\/index.php\/limesurvey-manuel\/\"><div class=\"kt-blocks-info-box-media-container\"><div class=\"kt-blocks-info-box-media kt-info-media-animate-none\"><div class=\"kadence-info-box-icon-container kt-info-icon-animate-none\"><div class=\"kadence-info-box-icon-inner-container\"><span class=\"kb-svg-icon-wrap kb-svg-icon-fe_bookOpen kt-info-svg-icon\"><svg viewBox=\"0 0 24 24\"  fill=\"none\" stroke=\"currentColor\" stroke-width=\"2\" stroke-linecap=\"round\" stroke-linejoin=\"round\" xmlns=\"http:\/\/www.w3.org\/2000\/svg\"  aria-hidden=\"true\"><path d=\"M2 3h6a4 4 0 0 1 4 4v14a3 3 0 0 0-3-3H2z\"\/><path d=\"M22 3h-6a4 4 0 0 0-4 4v14a3 3 0 0 1 3-3h7z\"\/><\/svg><\/span><\/div><\/div><\/div><\/div><div class=\"kt-infobox-textcontent\"><h2 class=\"kt-blocks-info-box-title\"><strong>Manuel<\/strong><\/h2><p class=\"kt-blocks-info-box-text\">Vous trouverez un guide vous permettant d&rsquo;obtenir des informations g\u00e9n\u00e9rale sur l&rsquo;utilisation de LimeSurvey<\/p><\/div><\/a><\/div>\n<\/div><\/div>\n\n\n<style>.kadence-column138_5c753f-22 > .kt-inside-inner-col,.kadence-column138_5c753f-22 > .kt-inside-inner-col:before{border-top-left-radius:0px;border-top-right-radius:0px;border-bottom-right-radius:0px;border-bottom-left-radius:0px;}.kadence-column138_5c753f-22 > .kt-inside-inner-col{column-gap:var(--global-kb-gap-sm, 1rem);}.kadence-column138_5c753f-22 > .kt-inside-inner-col{flex-direction:column;}.kadence-column138_5c753f-22 > .kt-inside-inner-col > .aligncenter{width:100%;}.kadence-column138_5c753f-22 > .kt-inside-inner-col:before{opacity:0.3;}.kadence-column138_5c753f-22{position:relative;}@media all and (max-width: 1024px){.kadence-column138_5c753f-22 > .kt-inside-inner-col{flex-direction:column;justify-content:center;}}@media all and (max-width: 767px){.kadence-column138_5c753f-22 > .kt-inside-inner-col{flex-direction:column;justify-content:center;}}<\/style>\n<div class=\"wp-block-kadence-column kadence-column138_5c753f-22 inner-column-2\"><div class=\"kt-inside-inner-col\"><style>.wp-block-kadence-column.kb-section-dir-horizontal > .kt-inside-inner-col > .kt-info-box138_904291-36 .kt-blocks-info-box-link-wrap{max-width:unset;}.kt-info-box138_904291-36 .kt-blocks-info-box-link-wrap{border-top:5px solid #d3dde2;border-right:5px solid #d3dde2;border-bottom:5px solid #d3dde2;border-left:5px solid #d3dde2;border-top-left-radius:20px;border-top-right-radius:20px;border-bottom-right-radius:20px;border-bottom-left-radius:20px;background:#ffffff;padding-top:24px;padding-right:24px;padding-bottom:24px;padding-left:24px;margin-top:50px;}.kt-info-box138_904291-36 .kt-blocks-info-box-link-wrap:hover{background:#ffffff;}.kt-info-box138_904291-36 .kadence-info-box-icon-container .kt-info-svg-icon, .kt-info-box138_904291-36 .kt-info-svg-icon-flip, .kt-info-box138_904291-36 .kt-blocks-info-box-number{font-size:50px;}.kt-info-box138_904291-36 .kt-blocks-info-box-media{color:#444444;background:#ffffff;border-color:#d3dde2;border-radius:200px;overflow:hidden;border-top-width:5px;border-right-width:5px;border-bottom-width:5px;border-left-width:5px;padding-top:20px;padding-right:20px;padding-bottom:20px;padding-left:20px;}.kt-info-box138_904291-36 .kt-blocks-info-box-media-container{margin-top:-75px;margin-right:0px;margin-bottom:20px;margin-left:0px;}.kt-info-box138_904291-36 .kt-blocks-info-box-media .kadence-info-box-image-intrisic img{border-radius:200px;}.kt-info-box138_904291-36 .kt-blocks-info-box-link-wrap:hover .kt-blocks-info-box-media{color:#444444;background:#ffffff;border-color:#eeeeee;}.kt-info-box138_904291-36 .kt-infobox-textcontent h2.kt-blocks-info-box-title{padding-top:0px;padding-right:0px;padding-bottom:0px;padding-left:0px;margin-top:5px;margin-right:0px;margin-bottom:10px;margin-left:0px;}.kt-info-box138_904291-36 .kt-infobox-textcontent .kt-blocks-info-box-text{color:#555555;}.kt-info-box138_904291-36 .kt-blocks-info-box-learnmore{background:transparent;border-color:#555555;border-width:0px 0px 0px 0px;padding-top:4px;padding-right:8px;padding-bottom:4px;padding-left:8px;margin-top:10px;margin-right:0px;margin-bottom:10px;margin-left:0px;}.kt-info-box138_904291-36 .kt-blocks-info-box-link-wrap:hover .kt-blocks-info-box-learnmore,.kt-info-box138_904291-36 .kt-blocks-info-box-link-wrap .kt-blocks-info-box-learnmore:focus{color:#ffffff;background:#444444;border-color:#444444;}@media all and (max-width: 1024px){.kt-info-box138_904291-36 .kt-blocks-info-box-link-wrap{border-top:5px solid #d3dde2;border-right:5px solid #d3dde2;border-bottom:5px solid #d3dde2;border-left:5px solid #d3dde2;}}@media all and (max-width: 767px){.kt-info-box138_904291-36 .kt-blocks-info-box-link-wrap{border-top:5px solid #d3dde2;border-right:5px solid #d3dde2;border-bottom:5px solid #d3dde2;border-left:5px solid #d3dde2;}}<\/style>\n<div class=\"wp-block-kadence-infobox kt-info-box138_904291-36\"><a class=\"kt-blocks-info-box-link-wrap info-box-link kt-blocks-info-box-media-align-top kt-info-halign-center\" href=\"https:\/\/basp.parisnanterre.fr\/index.php\/limesurvey-howto\/\"><div class=\"kt-blocks-info-box-media-container\"><div class=\"kt-blocks-info-box-media kt-info-media-animate-none\"><div class=\"kadence-info-box-icon-container kt-info-icon-animate-none\"><div class=\"kadence-info-box-icon-inner-container\"><span class=\"kb-svg-icon-wrap kb-svg-icon-fas_question kt-info-svg-icon\"><svg viewBox=\"0 0 384 512\"  fill=\"currentColor\" xmlns=\"http:\/\/www.w3.org\/2000\/svg\"  aria-hidden=\"true\"><path d=\"M202.021 0C122.202 0 70.503 32.703 29.914 91.026c-7.363 10.58-5.093 25.086 5.178 32.874l43.138 32.709c10.373 7.865 25.132 6.026 33.253-4.148 25.049-31.381 43.63-49.449 82.757-49.449 30.764 0 68.816 19.799 68.816 49.631 0 22.552-18.617 34.134-48.993 51.164-35.423 19.86-82.299 44.576-82.299 106.405V320c0 13.255 10.745 24 24 24h72.471c13.255 0 24-10.745 24-24v-5.773c0-42.86 125.268-44.645 125.268-160.627C377.504 66.256 286.902 0 202.021 0zM192 373.459c-38.196 0-69.271 31.075-69.271 69.271 0 38.195 31.075 69.27 69.271 69.27s69.271-31.075 69.271-69.271-31.075-69.27-69.271-69.27z\"\/><\/svg><\/span><\/div><\/div><\/div><\/div><div class=\"kt-infobox-textcontent\"><h2 class=\"kt-blocks-info-box-title\"><strong>HowTo<\/strong><\/h2><p class=\"kt-blocks-info-box-text\">Vous trouverez des petits tutoriels afin de vous pr\u00e9senter des manips utiles pour r\u00e9aliser votre questionnaire<\/p><\/div><\/a><\/div>\n<\/div><\/div>\n\n\n<style>.kadence-column138_c0e8c4-7c > .kt-inside-inner-col,.kadence-column138_c0e8c4-7c > .kt-inside-inner-col:before{border-top-left-radius:0px;border-top-right-radius:0px;border-bottom-right-radius:0px;border-bottom-left-radius:0px;}.kadence-column138_c0e8c4-7c > .kt-inside-inner-col{column-gap:var(--global-kb-gap-sm, 1rem);}.kadence-column138_c0e8c4-7c > .kt-inside-inner-col{flex-direction:column;}.kadence-column138_c0e8c4-7c > .kt-inside-inner-col > .aligncenter{width:100%;}.kadence-column138_c0e8c4-7c > .kt-inside-inner-col:before{opacity:0.3;}.kadence-column138_c0e8c4-7c{position:relative;}@media all and (max-width: 1024px){.kadence-column138_c0e8c4-7c > .kt-inside-inner-col{flex-direction:column;justify-content:center;}}@media all and (max-width: 767px){.kadence-column138_c0e8c4-7c > .kt-inside-inner-col{flex-direction:column;justify-content:center;}}<\/style>\n<div class=\"wp-block-kadence-column kadence-column138_c0e8c4-7c inner-column-3\"><div class=\"kt-inside-inner-col\"><style>.wp-block-kadence-column.kb-section-dir-horizontal > .kt-inside-inner-col > .kt-info-box138_be708c-d1 .kt-blocks-info-box-link-wrap{max-width:unset;}.kt-info-box138_be708c-d1 .kt-blocks-info-box-link-wrap{border-top:5px solid #a4d4eb;border-right:5px solid #a4d4eb;border-bottom:5px solid #a4d4eb;border-left:5px solid #a4d4eb;border-top-left-radius:20px;border-top-right-radius:20px;border-bottom-right-radius:20px;border-bottom-left-radius:20px;background:#ffffff;padding-top:24px;padding-right:24px;padding-bottom:24px;padding-left:24px;margin-top:50px;}.kt-info-box138_be708c-d1 .kt-blocks-info-box-link-wrap:hover{background:#ffffff;}.kt-info-box138_be708c-d1 .kadence-info-box-icon-container .kt-info-svg-icon, .kt-info-box138_be708c-d1 .kt-info-svg-icon-flip, .kt-info-box138_be708c-d1 .kt-blocks-info-box-number{font-size:50px;}.kt-info-box138_be708c-d1 .kt-blocks-info-box-media{color:#444444;background:#ffffff;border-color:#a4d4eb;border-radius:200px;overflow:hidden;border-top-width:5px;border-right-width:5px;border-bottom-width:5px;border-left-width:5px;padding-top:20px;padding-right:20px;padding-bottom:20px;padding-left:20px;}.kt-info-box138_be708c-d1 .kt-blocks-info-box-media-container{margin-top:-75px;margin-right:0px;margin-bottom:20px;margin-left:0px;}.kt-info-box138_be708c-d1 .kt-blocks-info-box-media .kadence-info-box-image-intrisic img{border-radius:200px;}.kt-info-box138_be708c-d1 .kt-blocks-info-box-link-wrap:hover .kt-blocks-info-box-media{color:#444444;background:#ffffff;border-color:#eeeeee;}.kt-info-box138_be708c-d1 .kt-infobox-textcontent h2.kt-blocks-info-box-title{padding-top:0px;padding-right:0px;padding-bottom:0px;padding-left:0px;margin-top:5px;margin-right:0px;margin-bottom:10px;margin-left:0px;}.kt-info-box138_be708c-d1 .kt-infobox-textcontent .kt-blocks-info-box-text{color:#555555;}.kt-info-box138_be708c-d1 .kt-blocks-info-box-learnmore{background:transparent;border-color:#555555;border-width:0px 0px 0px 0px;padding-top:4px;padding-right:8px;padding-bottom:4px;padding-left:8px;margin-top:10px;margin-right:0px;margin-bottom:10px;margin-left:0px;}.kt-info-box138_be708c-d1 .kt-blocks-info-box-link-wrap:hover .kt-blocks-info-box-learnmore,.kt-info-box138_be708c-d1 .kt-blocks-info-box-link-wrap .kt-blocks-info-box-learnmore:focus{color:#ffffff;background:#444444;border-color:#444444;}@media all and (max-width: 1024px){.kt-info-box138_be708c-d1 .kt-blocks-info-box-link-wrap{border-top:5px solid #a4d4eb;border-right:5px solid #a4d4eb;border-bottom:5px solid #a4d4eb;border-left:5px solid #a4d4eb;}}@media all and (max-width: 767px){.kt-info-box138_be708c-d1 .kt-blocks-info-box-link-wrap{border-top:5px solid #a4d4eb;border-right:5px solid #a4d4eb;border-bottom:5px solid #a4d4eb;border-left:5px solid #a4d4eb;}}<\/style>\n<div class=\"wp-block-kadence-infobox kt-info-box138_be708c-d1\"><a class=\"kt-blocks-info-box-link-wrap info-box-link kt-blocks-info-box-media-align-top kt-info-halign-center\" href=\"https:\/\/basp.parisnanterre.fr\/index.php\/limesurvey-expert\/\"><div class=\"kt-blocks-info-box-media-container\"><div class=\"kt-blocks-info-box-media kt-info-media-animate-none\"><div class=\"kadence-info-box-icon-container kt-info-icon-animate-none\"><div class=\"kadence-info-box-icon-inner-container\"><span class=\"kb-svg-icon-wrap kb-svg-icon-fe_star kt-info-svg-icon\"><svg viewBox=\"0 0 24 24\"  fill=\"none\" stroke=\"currentColor\" stroke-width=\"2\" stroke-linecap=\"round\" stroke-linejoin=\"round\" xmlns=\"http:\/\/www.w3.org\/2000\/svg\"  aria-hidden=\"true\"><polygon points=\"12 2 15.09 8.26 22 9.27 17 14.14 18.18 21.02 12 17.77 5.82 21.02 7 14.14 2 9.27 8.91 8.26 12 2\"\/><\/svg><\/span><\/div><\/div><\/div><\/div><div class=\"kt-infobox-textcontent\"><h2 class=\"kt-blocks-info-box-title\"><strong>Expert<\/strong><\/h2><p class=\"kt-blocks-info-box-text\">Vous trouverez des codes en .html, .css ou .javascript pour optimiser et personnaliser vos questionnaires<\/p><\/div><\/a><\/div>\n<\/div><\/div>\n\n<\/div><\/div>\n\n\n<div class=\"wp-block-group\"><div class=\"wp-block-group__inner-container is-layout-constrained wp-block-group-is-layout-constrained\">\n<div class=\"wp-block-columns are-vertically-aligned-center is-layout-flex wp-container-core-columns-is-layout-9d6595d7 wp-block-columns-is-layout-flex\">\n<div class=\"wp-block-column is-vertically-aligned-center is-layout-flow wp-block-column-is-layout-flow\" style=\"flex-basis:100%\"><\/div>\n<\/div>\n<\/div><\/div>\n","protected":false},"excerpt":{"rendered":"<p>LimeSurvey est un logiciel d&rsquo;enqu\u00eate statistique, de sondage, et de cr\u00e9ation de formulaires en ligne. Il permet aux utilisateurs, enqu\u00eateurs et statisticiens, de publier des questionnaires, sur le Web ou les t\u00e9l\u00e9phones mobiles, pour en collecter les r\u00e9ponses. C&rsquo;est un logiciel libre \u00e9crit en PHP qui repose sur une base de donn\u00e9es (MySQL, PostgreSQL ou [&hellip;]<\/p>\n","protected":false},"author":1,"featured_media":0,"parent":57,"menu_order":0,"comment_status":"closed","ping_status":"closed","template":"","meta":{"_kad_blocks_custom_css":"","_kad_blocks_head_custom_js":"","_kad_blocks_body_custom_js":"","_kad_blocks_footer_custom_js":"","_kadence_starter_templates_imported_post":false,"footnotes":""},"class_list":["post-138","page","type-page","status-publish","hentry"],"taxonomy_info":[],"featured_image_src_large":false,"author_info":{"display_name":"admin","author_link":"https:\/\/basp.parisnanterre.fr\/index.php\/author\/fcerrotti\/"},"comment_info":0,"_links":{"self":[{"href":"https:\/\/basp.parisnanterre.fr\/index.php\/wp-json\/wp\/v2\/pages\/138","targetHints":{"allow":["GET"]}}],"collection":[{"href":"https:\/\/basp.parisnanterre.fr\/index.php\/wp-json\/wp\/v2\/pages"}],"about":[{"href":"https:\/\/basp.parisnanterre.fr\/index.php\/wp-json\/wp\/v2\/types\/page"}],"author":[{"embeddable":true,"href":"https:\/\/basp.parisnanterre.fr\/index.php\/wp-json\/wp\/v2\/users\/1"}],"replies":[{"embeddable":true,"href":"https:\/\/basp.parisnanterre.fr\/index.php\/wp-json\/wp\/v2\/comments?post=138"}],"version-history":[{"count":18,"href":"https:\/\/basp.parisnanterre.fr\/index.php\/wp-json\/wp\/v2\/pages\/138\/revisions"}],"predecessor-version":[{"id":1021,"href":"https:\/\/basp.parisnanterre.fr\/index.php\/wp-json\/wp\/v2\/pages\/138\/revisions\/1021"}],"up":[{"embeddable":true,"href":"https:\/\/basp.parisnanterre.fr\/index.php\/wp-json\/wp\/v2\/pages\/57"}],"wp:attachment":[{"href":"https:\/\/basp.parisnanterre.fr\/index.php\/wp-json\/wp\/v2\/media?parent=138"}],"curies":[{"name":"wp","href":"https:\/\/api.w.org\/{rel}","templated":true}]}}